{"id":7865,"date":"2022-03-08T15:35:35","date_gmt":"2022-03-08T14:35:35","guid":{"rendered":"https:\/\/www.ethyxpharmaceuticals.com\/?page_id=7865"},"modified":"2023-10-25T11:52:05","modified_gmt":"2023-10-25T09:52:05","slug":"accueil","status":"publish","type":"page","link":"https:\/\/www.ethyxpharmaceuticals.com\/fr\/","title":{"rendered":"Accueil"},"content":{"rendered":"<div class=\"wpb-content-wrapper\"><p>[vc_row full_width=\u00a0\u00bbstretch_row_content_no_spaces\u00a0\u00bb css=\u00a0\u00bb.vc_custom_1646755532783{margin-top: 0px !important;padding-top: 0px !important;background-color: #005842 !important;}\u00a0\u00bb][vc_column css=\u00a0\u00bb.vc_custom_1646755554753{padding-top: 0px !important;}\u00a0\u00bb][vc_row_inner css=\u00a0\u00bb.vc_custom_1646832610930{margin-top: 0px !important;background-image: url(https:\/\/www.ethyxpharmaceuticals.com\/wp-content\/uploads\/2022\/03\/hero.jpg?id=7880) !important;background-position: center !important;background-repeat: no-repeat !important;background-size: cover !important;}\u00a0\u00bb el_class=\u00a0\u00bbarrondi homeslider\u00a0\u00bb][vc_column_inner width=\u00a0\u00bb7\/12&Prime; offset=\u00a0\u00bbvc_hidden-xs\u00a0\u00bb][\/vc_column_inner][vc_column_inner el_class=\u00a0\u00bbcoldroitesliderhome\u00a0\u00bb width=\u00a0\u00bb5\/12&Prime; offset=\u00a0\u00bbvc_col-lg-5 vc_col-md-5 vc_col-xs-offset-6 vc_col-xs-6&Prime;][vc_single_image image=\u00a0\u00bb7879&Prime; img_size=\u00a0\u00bbfull\u00a0\u00bb el_class=\u00a0\u00bbimghome\u00a0\u00bb][vc_column_text css=\u00a0\u00bb.vc_custom_1646756306679{margin-top: 30px !important;}\u00a0\u00bb]<\/p>\n<h1><span style=\"color: #005842;\">La m\u00e9dication pour tous<\/span><br \/>\n<span style=\"color: #005842;\">au c\u0153ur de nos pr\u00e9occupations.<\/span><\/h1>\n<p>[\/vc_column_text][\/vc_column_inner][\/vc_row_inner][\/vc_column][\/vc_row][vc_row full_width=\u00a0\u00bbstretch_row\u00a0\u00bb equal_height=\u00a0\u00bbyes\u00a0\u00bb content_placement=\u00a0\u00bbmiddle\u00a0\u00bb css=\u00a0\u00bb.vc_custom_1646754656259{padding-top: 50px !important;padding-bottom: 50px !important;background-color: #005842 !important;}\u00a0\u00bb][vc_column width=\u00a0\u00bb1\/2&Prime;][vc_single_image image=\u00a0\u00bb7870&Prime; img_size=\u00a0\u00bbfull\u00a0\u00bb el_class=\u00a0\u00bblogoethyxcontenu\u00a0\u00bb][vc_column_text el_class=\u00a0\u00bbtitrehome\u00a0\u00bb]<\/p>\n<h2><span style=\"color: #ffffff; font-weight: 100;\">Notre<\/span> <span style=\"color: #759efd;\">vocation<\/span><\/h2>\n<p>[\/vc_column_text][vc_column_text]<span style=\"color: #ffffff;\"><strong>Nous engager au service des patients et des professionnels de sant\u00e9.<\/strong><\/span><\/p>\n<p><span style=\"color: #ffffff;\"><strong><span style=\"color: #759efd;\">Ethyx Pharmaceuticals<\/span> <\/strong>est un laboratoire pharmaceutique fran\u00e7ais et ind\u00e9pendant. S\u2019appuyant sur une \u00e9quipe investie et la confiance de nos partenaires, le laboratoire met \u00e0 disposition des professionnels de sant\u00e9 des th\u00e9rapies reconnues.<\/span><\/p>\n<p><span style=\"color: #ffffff;\">Forts de nos convictions, nous abordons tous les sujets de sant\u00e9 avec respect et empathie.<\/span>[\/vc_column_text][\/vc_column][vc_column width=\u00a0\u00bb1\/2&Prime;][vc_single_image image=\u00a0\u00bb7878&Prime; img_size=\u00a0\u00bbfull\u00a0\u00bb alignment=\u00a0\u00bbcenter\u00a0\u00bb el_class=\u00a0\u00bbimgrighthome\u00a0\u00bb][\/vc_column][\/vc_row][vc_row full_width=\u00a0\u00bbstretch_row\u00a0\u00bb equal_height=\u00a0\u00bbyes\u00a0\u00bb content_placement=\u00a0\u00bbmiddle\u00a0\u00bb css=\u00a0\u00bb.vc_custom_1646754963849{padding-top: 50px !important;padding-bottom: 50px !important;background-color: #ffffff !important;}\u00a0\u00bb][vc_column width=\u00a0\u00bb5\/12&Prime;][vc_single_image image=\u00a0\u00bb7877&Prime; img_size=\u00a0\u00bbfull\u00a0\u00bb alignment=\u00a0\u00bbcenter\u00a0\u00bb el_class=\u00a0\u00bbimglefthome\u00a0\u00bb][\/vc_column][vc_column width=\u00a0\u00bb7\/12&Prime;][vc_column_text]<\/p>\n<h2 style=\"line-height: 36px;\"><span style=\"color: #253c72; font-size: 36px; font-weight: 300;\">Vous souhaitez<\/span><br \/>\n<span style=\"color: #759efd; font-size: 36px; font-weight: bold;\">d\u00e9couvrir nos produits ?<\/span><\/h2>\n<p>Notre volont\u00e9 est de permettre au plus grand nombre l\u2019acc\u00e8s \u00e0 des produits de qualit\u00e9. Tous nos efforts concourent \u00e0 la r\u00e9alisation de cet objectif.<\/p>\n<p><strong>Ethyx Pharmaceuticals<\/strong> s\u2019engage au quotidien en proposant des m\u00e9dicaments couvrant un large \u00e9ventail d\u2019aires th\u00e9rapeutiques :[\/vc_column_text][vc_row_inner css=\u00a0\u00bb.vc_custom_1646755944115{margin-top: 40px !important;}\u00a0\u00bb el_class=\u00a0\u00bbpictoshome\u00a0\u00bb][vc_column_inner width=\u00a0\u00bb1\/6&Prime; offset=\u00a0\u00bbvc_col-lg-2 vc_col-md-2 vc_col-xs-4&Prime;][vc_single_image image=\u00a0\u00bb7875&Prime; img_size=\u00a0\u00bbfull\u00a0\u00bb alignment=\u00a0\u00bbcenter\u00a0\u00bb][vc_column_text]<\/p>\n<p style=\"text-align: center;\"><span style=\"color: #005842;\">Cardiologie<\/span><\/p>\n<p>[\/vc_column_text][\/vc_column_inner][vc_column_inner width=\u00a0\u00bb1\/6&Prime; offset=\u00a0\u00bbvc_col-lg-2 vc_col-md-2 vc_col-xs-4&Prime;][vc_single_image image=\u00a0\u00bb7873&Prime; img_size=\u00a0\u00bbfull\u00a0\u00bb alignment=\u00a0\u00bbcenter\u00a0\u00bb][vc_column_text]<\/p>\n<p style=\"text-align: center;\"><span style=\"color: #005842;\">Dermatologie <\/span><\/p>\n<p>[\/vc_column_text][\/vc_column_inner][vc_column_inner width=\u00a0\u00bb1\/6&Prime; offset=\u00a0\u00bbvc_col-lg-2 vc_col-md-2 vc_col-xs-4&Prime;][vc_single_image image=\u00a0\u00bb7876&Prime; img_size=\u00a0\u00bbfull\u00a0\u00bb alignment=\u00a0\u00bbcenter\u00a0\u00bb][vc_column_text]<\/p>\n<p style=\"text-align: center;\"><span style=\"color: #005842;\">M\u00e9tabolisme<\/span><\/p>\n<p>[\/vc_column_text][\/vc_column_inner][vc_column_inner width=\u00a0\u00bb1\/6&Prime;][vc_single_image image=\u00a0\u00bb7874&Prime; img_size=\u00a0\u00bbfull\u00a0\u00bb alignment=\u00a0\u00bbcenter\u00a0\u00bb][vc_column_text]<\/p>\n<p style=\"text-align: center;\"><span style=\"color: #005842;\">Rhumatologie <\/span><\/p>\n<p>[\/vc_column_text][\/vc_column_inner][vc_column_inner width=\u00a0\u00bb1\/6&Prime;][vc_single_image image=\u00a0\u00bb7872&Prime; img_size=\u00a0\u00bbfull\u00a0\u00bb alignment=\u00a0\u00bbcenter\u00a0\u00bb][vc_column_text]<\/p>\n<p style=\"text-align: center;\"><span style=\"color: #005842;\">Pneumologie<\/span><\/p>\n<p>[\/vc_column_text][\/vc_column_inner][vc_column_inner width=\u00a0\u00bb1\/6&Prime;][vc_single_image image=\u00a0\u00bb8631&Prime; img_size=\u00a0\u00bbfull\u00a0\u00bb alignment=\u00a0\u00bbcenter\u00a0\u00bb][vc_column_text]<\/p>\n<p style=\"text-align: center;\"><span style=\"color: #005842;\">Neurologie<\/span><\/p>\n<p>[\/vc_column_text][\/vc_column_inner][\/vc_row_inner][\/vc_column][\/vc_row][vc_row full_width=\u00a0\u00bbstretch_row\u00a0\u00bb css=\u00a0\u00bb.vc_custom_1648202181449{padding-top: 20px !important;padding-bottom: 30px !important;background: #005842 url(https:\/\/www.ethyxpharmaceuticals.com\/wp-content\/uploads\/2022\/03\/bg.jpg?id=7871) !important;background-position: center !important;background-repeat: no-repeat !important;background-size: cover !important;}\u00a0\u00bb el_class=\u00a0\u00bbonlymobile\u00a0\u00bb][vc_column offset=\u00a0\u00bbvc_col-lg-6 vc_col-md-6 vc_col-xs-12&Prime;][vc_single_image image=\u00a0\u00bb7870&Prime; img_size=\u00a0\u00bbfull\u00a0\u00bb][vc_column_text el_class=\u00a0\u00bbtitrehome\u00a0\u00bb]<\/p>\n<h2><span style=\"color: #ffffff; font-weight: 100;\">Notre<\/span> <span style=\"color: #759efd;\">activit\u00e9<\/span><\/h2>\n<p>[\/vc_column_text][\/vc_column][vc_column width=\u00a0\u00bb1\/2&Prime;][\/vc_column][\/vc_row][vc_row full_width=\u00a0\u00bbstretch_row\u00a0\u00bb css=\u00a0\u00bb.vc_custom_1648201912445{padding-top: 0px !important;padding-bottom: 100px !important;background-position: center !important;background-repeat: no-repeat !important;background-size: cover !important;}\u00a0\u00bb el_class=\u00a0\u00bbonlymobile\u00a0\u00bb][vc_column offset=\u00a0\u00bbvc_col-lg-6 vc_col-md-6 vc_col-xs-12&Prime;][vc_column_text]La strat\u00e9gie active de notre laboratoire pharmaceutique repose sur l\u2019acquisition de m\u00e9dicaments princeps matures. B\u00e9n\u00e9ficiant d\u2019une plateforme op\u00e9rationnelle performante et globale, les \u00e9quipes du laboratoire int\u00e8grent les m\u00e9dicaments au portefeuille en veillant au maintien d&rsquo;un niveau optimal de qualit\u00e9 et en assurant une disponibilit\u00e9 constante pour les professionnels de sant\u00e9 et les patients.<br \/>\nLe laboratoire insuffle une nouvelle dynamique aux m\u00e9dicaments de son portefeuille par une veille m\u00e9dicale approfondie. Notre expertise r\u00e8glementaire permet leurs enregistrements et leurs lancements dans des territoires inexplor\u00e9s jusqu\u2019alors.<\/p>\n<p>Dans l\u2019objectif d\u2019accroitre notre offre actuelle, compos\u00e9e de m\u00e9dicaments dont la valeur m\u00e9dicale est reconnue, nous sommes constamment en recherche de nouvelles opportunit\u00e9s d\u2019acquisition.[\/vc_column_text][\/vc_column][vc_column width=\u00a0\u00bb1\/2&Prime;][\/vc_column][\/vc_row][vc_row full_width=\u00a0\u00bbstretch_row\u00a0\u00bb css=\u00a0\u00bb.vc_custom_1648201859138{padding-top: 50px !important;padding-bottom: 100px !important;background: #005842 url(https:\/\/www.ethyxpharmaceuticals.com\/wp-content\/uploads\/2022\/03\/bg.jpg?id=7871) !important;background-position: center !important;background-repeat: no-repeat !important;background-size: cover !important;}\u00a0\u00bb el_class=\u00a0\u00bbonlydesktop\u00a0\u00bb][vc_column offset=\u00a0\u00bbvc_col-lg-6 vc_col-md-6 vc_col-xs-12&Prime;][vc_single_image image=\u00a0\u00bb7870&Prime; img_size=\u00a0\u00bbfull\u00a0\u00bb][vc_column_text el_class=\u00a0\u00bbtitrehome\u00a0\u00bb]<\/p>\n<h2><span style=\"color: #ffffff; font-weight: 100;\">Notre<\/span> <span style=\"color: #759efd;\">activit\u00e9<\/span><\/h2>\n<p>[\/vc_column_text][vc_column_text]<span style=\"color: #ffffff;\">La strat\u00e9gie active de notre laboratoire pharmaceutique repose sur l\u2019acquisition de m\u00e9dicaments princeps matures. B\u00e9n\u00e9ficiant d\u2019une plateforme op\u00e9rationnelle performante et globale, les \u00e9quipes du laboratoire int\u00e8grent les m\u00e9dicaments au portefeuille en veillant au maintien d&rsquo;un niveau optimal de qualit\u00e9 et en assurant une disponibilit\u00e9 constante pour les professionnels de sant\u00e9 et les patients.\u00a0<\/span><br \/>\n<span style=\"color: #ffffff;\">Le laboratoire insuffle une nouvelle dynamique aux m\u00e9dicaments de son portefeuille par une veille m\u00e9dicale approfondie. Notre expertise r\u00e8glementaire permet leurs enregistrements et leurs lancements dans des territoires inexplor\u00e9s jusqu\u2019alors.<\/span><\/p>\n<p><span style=\"color: #ffffff;\">Dans l\u2019objectif d\u2019accroitre notre offre actuelle, compos\u00e9e de m\u00e9dicaments dont la valeur m\u00e9dicale est reconnue, nous sommes constamment en recherche de nouvelles opportunit\u00e9s d\u2019acquisition.<\/span>[\/vc_column_text][\/vc_column][vc_column width=\u00a0\u00bb1\/2&Prime;][\/vc_column][\/vc_row]<\/p>\n<\/div>","protected":false},"excerpt":{"rendered":"<p>[vc_row full_width=\u00a0\u00bbstretch_row_content_no_spaces\u00a0\u00bb css=\u00a0\u00bb.vc_custom_1646755532783{margin-top: 0px !important;padding-top: 0px !important;background-color: #005842 !important;}\u00a0\u00bb][vc_column css=\u00a0\u00bb.vc_custom_1646755554753{padding-top: 0px !important;}\u00a0\u00bb][vc_row_inner css=\u00a0\u00bb.vc_custom_1646832610930{margin-top: 0px !important;background-image: url(https:\/\/www.ethyxpharmaceuticals.com\/wp-content\/uploads\/2022\/03\/hero.jpg?id=7880) !important;background-position: center !important;background-repeat: no-repeat !important;background-size: cover !important;}\u00a0\u00bb el_class=\u00a0\u00bbarrondi homeslider\u00a0\u00bb][vc_column_inner width=\u00a0\u00bb7\/12&Prime; offset=\u00a0\u00bbvc_hidden-xs\u00a0\u00bb][\/vc_column_inner][vc_column_inner el_class=\u00a0\u00bbcoldroitesliderhome\u00a0\u00bb width=\u00a0\u00bb5\/12&Prime; offset=\u00a0\u00bbvc_col-lg-5 vc_col-md-5 vc_col-xs-offset-6 vc_col-xs-6&Prime;][vc_single_image image=\u00a0\u00bb7879&Prime; img_size=\u00a0\u00bbfull\u00a0\u00bb el_class=\u00a0\u00bbimghome\u00a0\u00bb][vc_column_text css=\u00a0\u00bb.vc_custom_1646756306679{margin-top: 30px !important;}\u00a0\u00bb] La [&hellip;]<\/p>\n","protected":false},"author":1,"featured_media":0,"parent":0,"menu_order":0,"comment_status":"closed","ping_status":"closed","template":"","meta":{"footnotes":""},"class_list":["post-7865","page","type-page","status-publish","hentry"],"yoast_head":"<!-- This site is optimized with the Yoast SEO plugin v27.4 - https:\/\/yoast.com\/product\/yoast-seo-wordpress\/ -->\n<title>Ethyx Pharmaceuticals - La m\u00e9dication pour tous au c\u0153ur de nos pr\u00e9occupations<\/title>\n<meta name=\"robots\" content=\"index, follow, max-snippet:-1, max-image-preview:large, max-video-preview:-1\" \/>\n<link rel=\"canonical\" href=\"https:\/\/www.ethyxpharmaceuticals.com\/fr\/\" \/>\n<meta property=\"og:locale\" content=\"fr_FR\" \/>\n<meta property=\"og:type\" content=\"article\" \/>\n<meta property=\"og:title\" content=\"Ethyx Pharmaceuticals - La m\u00e9dication pour tous au c\u0153ur de nos pr\u00e9occupations\" \/>\n<meta property=\"og:description\" content=\"[vc_row full_width=\u00a0\u00bbstretch_row_content_no_spaces\u00a0\u00bb css=\u00a0\u00bb.vc_custom_1646755532783{margin-top: 0px !important;padding-top: 0px !important;background-color: #005842 !important;}\u00a0\u00bb][vc_column css=\u00a0\u00bb.vc_custom_1646755554753{padding-top: 0px !important;}\u00a0\u00bb][vc_row_inner css=\u00a0\u00bb.vc_custom_1646832610930{margin-top: 0px !important;background-image: url(https:\/\/www.ethyxpharmaceuticals.com\/wp-content\/uploads\/2022\/03\/hero.jpg?id=7880) !important;background-position: center !important;background-repeat: no-repeat !important;background-size: cover !important;}\u00a0\u00bb el_class=\u00a0\u00bbarrondi homeslider\u00a0\u00bb][vc_column_inner width=\u00a0\u00bb7\/12&Prime; offset=\u00a0\u00bbvc_hidden-xs\u00a0\u00bb][\/vc_column_inner][vc_column_inner el_class=\u00a0\u00bbcoldroitesliderhome\u00a0\u00bb width=\u00a0\u00bb5\/12&Prime; offset=\u00a0\u00bbvc_col-lg-5 vc_col-md-5 vc_col-xs-offset-6 vc_col-xs-6&Prime;][vc_single_image image=\u00a0\u00bb7879&Prime; img_size=\u00a0\u00bbfull\u00a0\u00bb el_class=\u00a0\u00bbimghome\u00a0\u00bb][vc_column_text css=\u00a0\u00bb.vc_custom_1646756306679{margin-top: 30px !important;}\u00a0\u00bb] La [&hellip;]\" \/>\n<meta property=\"og:url\" content=\"https:\/\/www.ethyxpharmaceuticals.com\/fr\/\" \/>\n<meta property=\"og:site_name\" content=\"Ethyx Pharmaceuticals\" \/>\n<meta property=\"article:modified_time\" content=\"2023-10-25T09:52:05+00:00\" \/>\n<meta name=\"twitter:card\" content=\"summary_large_image\" \/>\n<meta name=\"twitter:label1\" content=\"Dur\u00e9e de lecture estim\u00e9e\" \/>\n\t<meta name=\"twitter:data1\" content=\"3 minutes\" \/>\n<script type=\"application\/ld+json\" class=\"yoast-schema-graph\">{\"@context\":\"https:\\\/\\\/schema.org\",\"@graph\":[{\"@type\":\"WebPage\",\"@id\":\"https:\\\/\\\/www.ethyxpharmaceuticals.com\\\/fr\\\/\",\"url\":\"https:\\\/\\\/www.ethyxpharmaceuticals.com\\\/fr\\\/\",\"name\":\"Ethyx Pharmaceuticals - La m\u00e9dication pour tous au c\u0153ur de nos pr\u00e9occupations\",\"isPartOf\":{\"@id\":\"https:\\\/\\\/www.ethyxpharmaceuticals.com\\\/#website\"},\"datePublished\":\"2022-03-08T14:35:35+00:00\",\"dateModified\":\"2023-10-25T09:52:05+00:00\",\"breadcrumb\":{\"@id\":\"https:\\\/\\\/www.ethyxpharmaceuticals.com\\\/fr\\\/#breadcrumb\"},\"inLanguage\":\"fr-FR\",\"potentialAction\":[{\"@type\":\"ReadAction\",\"target\":[\"https:\\\/\\\/www.ethyxpharmaceuticals.com\\\/fr\\\/\"]}]},{\"@type\":\"BreadcrumbList\",\"@id\":\"https:\\\/\\\/www.ethyxpharmaceuticals.com\\\/fr\\\/#breadcrumb\",\"itemListElement\":[{\"@type\":\"ListItem\",\"position\":1,\"name\":\"Accueil\",\"item\":\"https:\\\/\\\/www.ethyxpharmaceuticals.com\\\/fr\\\/\"},{\"@type\":\"ListItem\",\"position\":2,\"name\":\"Accueil\"}]},{\"@type\":\"WebSite\",\"@id\":\"https:\\\/\\\/www.ethyxpharmaceuticals.com\\\/#website\",\"url\":\"https:\\\/\\\/www.ethyxpharmaceuticals.com\\\/\",\"name\":\"Ethyx Pharmaceuticals\",\"description\":\"La m\u00e9dication pour tous au c\u0153ur de nos pr\u00e9occupations\",\"potentialAction\":[{\"@type\":\"SearchAction\",\"target\":{\"@type\":\"EntryPoint\",\"urlTemplate\":\"https:\\\/\\\/www.ethyxpharmaceuticals.com\\\/?s={search_term_string}\"},\"query-input\":{\"@type\":\"PropertyValueSpecification\",\"valueRequired\":true,\"valueName\":\"search_term_string\"}}],\"inLanguage\":\"fr-FR\"}]}<\/script>\n<!-- \/ Yoast SEO plugin. -->","yoast_head_json":{"title":"Ethyx Pharmaceuticals - La m\u00e9dication pour tous au c\u0153ur de nos pr\u00e9occupations","robots":{"index":"index","follow":"follow","max-snippet":"max-snippet:-1","max-image-preview":"max-image-preview:large","max-video-preview":"max-video-preview:-1"},"canonical":"https:\/\/www.ethyxpharmaceuticals.com\/fr\/","og_locale":"fr_FR","og_type":"article","og_title":"Ethyx Pharmaceuticals - La m\u00e9dication pour tous au c\u0153ur de nos pr\u00e9occupations","og_description":"[vc_row full_width=\u00a0\u00bbstretch_row_content_no_spaces\u00a0\u00bb css=\u00a0\u00bb.vc_custom_1646755532783{margin-top: 0px !important;padding-top: 0px !important;background-color: #005842 !important;}\u00a0\u00bb][vc_column css=\u00a0\u00bb.vc_custom_1646755554753{padding-top: 0px !important;}\u00a0\u00bb][vc_row_inner css=\u00a0\u00bb.vc_custom_1646832610930{margin-top: 0px !important;background-image: url(https:\/\/www.ethyxpharmaceuticals.com\/wp-content\/uploads\/2022\/03\/hero.jpg?id=7880) !important;background-position: center !important;background-repeat: no-repeat !important;background-size: cover !important;}\u00a0\u00bb el_class=\u00a0\u00bbarrondi homeslider\u00a0\u00bb][vc_column_inner width=\u00a0\u00bb7\/12&Prime; offset=\u00a0\u00bbvc_hidden-xs\u00a0\u00bb][\/vc_column_inner][vc_column_inner el_class=\u00a0\u00bbcoldroitesliderhome\u00a0\u00bb width=\u00a0\u00bb5\/12&Prime; offset=\u00a0\u00bbvc_col-lg-5 vc_col-md-5 vc_col-xs-offset-6 vc_col-xs-6&Prime;][vc_single_image image=\u00a0\u00bb7879&Prime; img_size=\u00a0\u00bbfull\u00a0\u00bb el_class=\u00a0\u00bbimghome\u00a0\u00bb][vc_column_text css=\u00a0\u00bb.vc_custom_1646756306679{margin-top: 30px !important;}\u00a0\u00bb] La [&hellip;]","og_url":"https:\/\/www.ethyxpharmaceuticals.com\/fr\/","og_site_name":"Ethyx Pharmaceuticals","article_modified_time":"2023-10-25T09:52:05+00:00","twitter_card":"summary_large_image","twitter_misc":{"Dur\u00e9e de lecture estim\u00e9e":"3 minutes"},"schema":{"@context":"https:\/\/schema.org","@graph":[{"@type":"WebPage","@id":"https:\/\/www.ethyxpharmaceuticals.com\/fr\/","url":"https:\/\/www.ethyxpharmaceuticals.com\/fr\/","name":"Ethyx Pharmaceuticals - La m\u00e9dication pour tous au c\u0153ur de nos pr\u00e9occupations","isPartOf":{"@id":"https:\/\/www.ethyxpharmaceuticals.com\/#website"},"datePublished":"2022-03-08T14:35:35+00:00","dateModified":"2023-10-25T09:52:05+00:00","breadcrumb":{"@id":"https:\/\/www.ethyxpharmaceuticals.com\/fr\/#breadcrumb"},"inLanguage":"fr-FR","potentialAction":[{"@type":"ReadAction","target":["https:\/\/www.ethyxpharmaceuticals.com\/fr\/"]}]},{"@type":"BreadcrumbList","@id":"https:\/\/www.ethyxpharmaceuticals.com\/fr\/#breadcrumb","itemListElement":[{"@type":"ListItem","position":1,"name":"Accueil","item":"https:\/\/www.ethyxpharmaceuticals.com\/fr\/"},{"@type":"ListItem","position":2,"name":"Accueil"}]},{"@type":"WebSite","@id":"https:\/\/www.ethyxpharmaceuticals.com\/#website","url":"https:\/\/www.ethyxpharmaceuticals.com\/","name":"Ethyx Pharmaceuticals","description":"La m\u00e9dication pour tous au c\u0153ur de nos pr\u00e9occupations","potentialAction":[{"@type":"SearchAction","target":{"@type":"EntryPoint","urlTemplate":"https:\/\/www.ethyxpharmaceuticals.com\/?s={search_term_string}"},"query-input":{"@type":"PropertyValueSpecification","valueRequired":true,"valueName":"search_term_string"}}],"inLanguage":"fr-FR"}]}},"_links":{"self":[{"href":"https:\/\/www.ethyxpharmaceuticals.com\/fr\/wp-json\/wp\/v2\/pages\/7865","targetHints":{"allow":["GET"]}}],"collection":[{"href":"https:\/\/www.ethyxpharmaceuticals.com\/fr\/wp-json\/wp\/v2\/pages"}],"about":[{"href":"https:\/\/www.ethyxpharmaceuticals.com\/fr\/wp-json\/wp\/v2\/types\/page"}],"author":[{"embeddable":true,"href":"https:\/\/www.ethyxpharmaceuticals.com\/fr\/wp-json\/wp\/v2\/users\/1"}],"replies":[{"embeddable":true,"href":"https:\/\/www.ethyxpharmaceuticals.com\/fr\/wp-json\/wp\/v2\/comments?post=7865"}],"version-history":[{"count":81,"href":"https:\/\/www.ethyxpharmaceuticals.com\/fr\/wp-json\/wp\/v2\/pages\/7865\/revisions"}],"predecessor-version":[{"id":8741,"href":"https:\/\/www.ethyxpharmaceuticals.com\/fr\/wp-json\/wp\/v2\/pages\/7865\/revisions\/8741"}],"wp:attachment":[{"href":"https:\/\/www.ethyxpharmaceuticals.com\/fr\/wp-json\/wp\/v2\/media?parent=7865"}],"curies":[{"name":"wp","href":"https:\/\/api.w.org\/{rel}","templated":true}]}}