{"id":8370,"date":"2022-04-13T18:18:51","date_gmt":"2022-04-13T16:18:51","guid":{"rendered":"https:\/\/www.ethyxpharmaceuticals.com\/?page_id=8370"},"modified":"2023-12-04T18:37:34","modified_gmt":"2023-12-04T17:37:34","slug":"contact","status":"publish","type":"page","link":"https:\/\/www.ethyxpharmaceuticals.com\/fr\/contact\/","title":{"rendered":"Contact"},"content":{"rendered":"<div class=\"wpb-content-wrapper\"><p>[vc_row full_width=\u00a0\u00bbstretch_row_content_no_spaces\u00a0\u00bb css=\u00a0\u00bb.vc_custom_1649942147398{margin-top: 0px !important;padding-top: 0px !important;background-color: #005842 !important;}\u00a0\u00bb][vc_column css=\u00a0\u00bb.vc_custom_1646755554753{padding-top: 0px !important;}\u00a0\u00bb][vc_row_inner css=\u00a0\u00bb.vc_custom_1649942603820{margin-top: 0px !important;background-image: url(https:\/\/www.ethyxpharmaceuticals.com\/wp-content\/uploads\/2022\/04\/headercontact.jpg?id=8376) !important;background-position: center !important;background-repeat: no-repeat !important;background-size: cover !important;}\u00a0\u00bb el_class=\u00a0\u00bbarrondi titlepage\u00a0\u00bb][vc_column_inner offset=\u00a0\u00bbvc_col-xs-12&Prime;][vc_column_text css=\u00a0\u00bb.vc_custom_1649866828332{margin-top: 30px !important;}\u00a0\u00bb]<\/p>\n<h1 style=\"text-align: center;\"><span style=\"color: #005842;\">Contact<\/span><\/h1>\n<p>[\/vc_column_text][\/vc_column_inner][\/vc_row_inner][\/vc_column][\/vc_row][vc_row full_width=\u00a0\u00bbstretch_row\u00a0\u00bb equal_height=\u00a0\u00bbyes\u00a0\u00bb content_placement=\u00a0\u00bbmiddle\u00a0\u00bb css=\u00a0\u00bb.vc_custom_1650445886628{padding-top: 0px !important;padding-bottom: 50px !important;background-color: #005842 !important;}\u00a0\u00bb][vc_column width=\u00a0\u00bb1\/2&Prime; offset=\u00a0\u00bbvc_hidden-xs\u00a0\u00bb][vc_single_image image=\u00a0\u00bb8379&Prime; img_size=\u00a0\u00bb230&#215;384&Prime; alignment=\u00a0\u00bbcenter\u00a0\u00bb][\/vc_column][vc_column width=\u00a0\u00bb1\/2&Prime;][vc_column_text el_class=\u00a0\u00bbtitrehome\u00a0\u00bb css=\u00a0\u00bb.vc_custom_1649943224932{margin-bottom: 15px !important;}\u00a0\u00bb]<\/p>\n<h2><span style=\"color: #759efd;\">Qualit\u00e9 et Pharmacovigilance<\/span><\/h2>\n<p>[\/vc_column_text][vc_column_text css=\u00a0\u00bb.vc_custom_1651827129546{margin-bottom: 15px !important;}\u00a0\u00bb]<span style=\"color: #ffffff;\">En cas d\u2019\u00e9v\u00e9nements ind\u00e9sirables, de r\u00e9clamations qualit\u00e9 ou de demandes d\u2019informations m\u00e9dicales, veuillez nous contacter<br \/>\n(+33(0)4 86 80 11 00) ou envoyer un courriel \u00e0<\/span>\u00a0<a href=\"mailto:pharmacovigilance@ethyxpharmaceuticals.com\"><strong><span style=\"color: #759efd; font-weight: 600; text-decoration: underline;\">pharmacovigilance@ethyxpharmaceuticals.com<\/span><\/strong><\/a>[\/vc_column_text][vc_column_text]<span style=\"color: #ffffff;\">Vous pouvez \u00e9galement signaler aux Autorit\u00e9s sanitaires, sur le site <a href=\"https:\/\/signalement.social-sante.gouv.fr\"><span style=\"color: #ffffff; text-decoration: underline;\">signalement.social-sante.gouv.fr<\/span><\/a> tout \u00e9v\u00e9nement ind\u00e9sirable, effet ind\u00e9sirable, incident ou risque d&rsquo;incident li\u00e9 \u00e0 un produit de sant\u00e9. En signalant les effets ind\u00e9sirables, vous contribuez \u00e0 am\u00e9liorer la connaissance sur le profil de tol\u00e9rance des produits.<\/span>[\/vc_column_text][vc_column_text el_class=\u00a0\u00bbtitrehome\u00a0\u00bb css=\u00a0\u00bb.vc_custom_1649943655359{margin-bottom: 15px !important;}\u00a0\u00bb]<\/p>\n<h2><span style=\"color: #759efd;\">Autres demandes<\/span><\/h2>\n<p>[\/vc_column_text][vc_column_text css=\u00a0\u00bb.vc_custom_1650548085073{margin-bottom: 15px !important;}\u00a0\u00bb]<span style=\"color: #ffffff;\">Pour toute autre demande (business development, marketing, fournisseurs, etc.), veuillez nous contacter<\/span><span style=\"color: #ffffff;\"><br \/>\n(+33 (0)4 86 80 11 00) ou envoyer un courriel \u00e0<\/span>\u00a0<a href=\"mailto:contact@ethyxpharmaceuticals.com\"><strong><span style=\"color: #759efd; font-weight: 600; text-decoration: underline;\">contact@ethyxpharmaceuticals.com<\/span><\/strong><\/a>[\/vc_column_text][\/vc_column][\/vc_row][vc_row css=\u00a0\u00bb.vc_custom_1650548254432{margin-top: 50px !important;}\u00a0\u00bb el_class=\u00a0\u00bbrowcontactinfos\u00a0\u00bb][vc_column width=\u00a0\u00bb5\/12&Prime;][vc_single_image image=\u00a0\u00bb8396&Prime; img_size=\u00a0\u00bbfull\u00a0\u00bb alignment=\u00a0\u00bbcenter\u00a0\u00bb][vc_column_text]<\/p>\n<p style=\"text-align: center;\"><span style=\"color: #005842;\"><strong>Adresses Mail<\/strong> <\/span><br \/>\n<a href=\"mailto:contact@ethyxpharmaceuticals.com\">contact@ethyxpharmaceuticals.com<\/a><br \/>\n<a href=\"mailto:pharmacovigilance@ethyxpharmaceuticals.com\">pharmacovigilance@ethyxpharmaceuticals.com<\/a><\/p>\n<p>[\/vc_column_text][\/vc_column][vc_column width=\u00a0\u00bb2\/12&Prime;][vc_single_image image=\u00a0\u00bb8394&Prime; img_size=\u00a0\u00bbfull\u00a0\u00bb alignment=\u00a0\u00bbcenter\u00a0\u00bb][vc_column_text]<\/p>\n<p style=\"text-align: center;\">+33 (0)4 86 80 11 00<\/p>\n<p>[\/vc_column_text][\/vc_column][vc_column width=\u00a0\u00bb5\/12&Prime;][vc_single_image image=\u00a0\u00bb8392&Prime; img_size=\u00a0\u00bbfull\u00a0\u00bb alignment=\u00a0\u00bbcenter\u00a0\u00bb][vc_column_text]<\/p>\n<p style=\"text-align: center;\"><span style=\"color: #005842;\"><strong>Si\u00e8ge Social<\/strong><\/span><br \/>\n7 Avenue du Fort 92 120 Montrouge, FRANCE<br \/>\n<span style=\"color: #005842;\"><strong>\u00c9tablissement Pharmaceutique<\/strong><\/span><br \/>\n19 rue Duquesne 69006 Lyon, FRANCE<\/p>\n<p>[\/vc_column_text][\/vc_column][\/vc_row][vc_row][vc_column][vc_column_text el_class=\u00a0\u00bbcontactnous\u00a0\u00bb]<\/p>\n<h2><span style=\"color: #005842;\">Contactez-<\/span><span style=\"color: #759efd;\">nous<\/span><\/h2>\n<p>[\/vc_column_text][vc_column_text el_class=\u00a0\u00bbcontactnous\u00a0\u00bb css=\u00a0\u00bb.vc_custom_1650378368677{margin-top: 40px !important;}\u00a0\u00bb]\n<div class=\"wpcf7 no-js\" id=\"wpcf7-f8403-o1\" lang=\"en-US\" dir=\"ltr\" data-wpcf7-id=\"8403\">\n<div class=\"screen-reader-response\"><p role=\"status\" aria-live=\"polite\" aria-atomic=\"true\"><\/p> <ul><\/ul><\/div>\n<form action=\"\/fr\/wp-json\/wp\/v2\/pages\/8370#wpcf7-f8403-o1\" method=\"post\" class=\"wpcf7-form init\" aria-label=\"Contact form\" novalidate=\"novalidate\" data-status=\"init\">\n<fieldset class=\"hidden-fields-container\"><input type=\"hidden\" name=\"_wpcf7\" value=\"8403\" \/><input type=\"hidden\" name=\"_wpcf7_version\" value=\"6.1.5\" \/><input type=\"hidden\" name=\"_wpcf7_locale\" value=\"en_US\" \/><input type=\"hidden\" name=\"_wpcf7_unit_tag\" value=\"wpcf7-f8403-o1\" \/><input type=\"hidden\" name=\"_wpcf7_container_post\" value=\"0\" \/><input type=\"hidden\" name=\"_wpcf7_posted_data_hash\" value=\"\" \/><input type=\"hidden\" name=\"_wpcf7_recaptcha_response\" value=\"\" \/>\n<\/fieldset>\n<div class=\"vc_row-full-width vc_clearfix\" id=\"contactform\">\n\t<div class=\"vc_row wpb_row vc_row-fluid\">\n\t\t<div class=\"wpb_column vc_column_container vc_col-sm-6\">\n\t\t\t<div class=\"vc_column-inner\">\n\t\t\t\t<div class=\"vc_row\">\n\t\t\t\t\t<div class=\"vc_col-sm-12\">\n\t\t\t\t\t\t<div class=\"vc_column-inner\">\n\t\t\t\t\t\t\t<p><span class=\"wpcf7-form-control-wrap\" data-name=\"langue\"><select class=\"wpcf7-form-control wpcf7-select\" aria-invalid=\"false\" name=\"langue\"><option value=\"FR - Fran\u00e7ais\">FR - Fran\u00e7ais<\/option><option value=\"IT - Italiano\">IT - Italiano<\/option><option value=\"ES - Espa\u00f1ol\">ES - Espa\u00f1ol<\/option><option value=\"CZ - \u010ce\u0161tina\">CZ - \u010ce\u0161tina<\/option><option value=\"IE - English\">IE - English<\/option><option value=\"IS - \u00cdslenskur\">IS - \u00cdslenskur<\/option><option value=\"AL - Shqiptare\">AL - Shqiptare<\/option><option value=\"FI - Suomalainen\">FI - Suomalainen<\/option><option value=\"DE - Deutsch\">DE - Deutsch<\/option><option value=\"HU - Magyar\">HU - Magyar<\/option><option value=\"NL - Nederlands\">NL - Nederlands<\/option><option value=\"SK - Slovensk\u00fd\">SK - Slovensk\u00fd<\/option><option value=\"DK - Dansk\">DK - Dansk<\/option><option value=\"NO - Norsk\">NO - Norsk<\/option><option value=\"HK - \u5ee3\u6771\u8a71\">HK - \u5ee3\u6771\u8a71<\/option><option value=\"Arabic - \u0639\u0631\u0628\">Arabic - \u0639\u0631\u0628<\/option><option value=\"LK - \u0dc1\u0dca\u200d\u0dbb\u0dd3 \u0dbd\u0dcf\u0d82\u0d9a\u0dd2\u0d9a\">LK - \u0dc1\u0dca\u200d\u0dbb\u0dd3 \u0dbd\u0dcf\u0d82\u0d9a\u0dd2\u0d9a<\/option><option value=\"AT \u2013 \u00d6sterreichisch\">AT \u2013 \u00d6sterreichisch<\/option><\/select><\/span>\n\t\t\t\t\t\t\t<\/p>\n\t\t\t\t\t\t<\/div>\n\t\t\t\t\t<\/div>\n\t\t\t\t<\/div>\n\t\t\t\t<div class=\"vc_row\">\n\t\t\t\t\t<div class=\"vc_col-sm-6\">\n\t\t\t\t\t\t<div class=\"vc_column-inner\">\n\t\t\t\t\t\t\t<p><span class=\"wpcf7-form-control-wrap\" data-name=\"nom\"><input size=\"40\" maxlength=\"400\" class=\"wpcf7-form-control wpcf7-text wpcf7-validates-as-required\" aria-required=\"true\" aria-invalid=\"false\" placeholder=\"Nom*\" value=\"\" type=\"text\" name=\"nom\" \/><\/span>\n\t\t\t\t\t\t\t<\/p>\n\t\t\t\t\t\t<\/div>\n\t\t\t\t\t<\/div>\n\t\t\t\t\t<div class=\"vc_col-sm-6\">\n\t\t\t\t\t\t<div class=\"vc_column-inner\">\n\t\t\t\t\t\t\t<p><span class=\"wpcf7-form-control-wrap\" data-name=\"prenom\"><input size=\"40\" maxlength=\"400\" class=\"wpcf7-form-control wpcf7-text wpcf7-validates-as-required vc_col-sm-6\" aria-required=\"true\" aria-invalid=\"false\" placeholder=\"Pr\u00e9nom*\" value=\"\" type=\"text\" name=\"prenom\" \/><\/span>\n\t\t\t\t\t\t\t<\/p>\n\t\t\t\t\t\t<\/div>\n\t\t\t\t\t<\/div>\n\t\t\t\t<\/div>\n\t\t\t\t<div class=\"vc_row\">\n\t\t\t\t\t<div class=\"vc_col-sm-6\">\n\t\t\t\t\t\t<div class=\"vc_column-inner\">\n\t\t\t\t\t\t\t<p><span class=\"wpcf7-form-control-wrap\" data-name=\"email\"><input size=\"40\" maxlength=\"400\" class=\"wpcf7-form-control wpcf7-email wpcf7-validates-as-required wpcf7-text wpcf7-validates-as-email vc_col-sm-6\" aria-required=\"true\" aria-invalid=\"false\" placeholder=\"Email*\" value=\"\" type=\"email\" name=\"email\" \/><\/span>\n\t\t\t\t\t\t\t<\/p>\n\t\t\t\t\t\t<\/div>\n\t\t\t\t\t<\/div>\n\t\t\t\t\t<div class=\"vc_col-sm-6\">\n\t\t\t\t\t\t<div class=\"vc_column-inner\">\n\t\t\t\t\t\t\t<p><span class=\"wpcf7-form-control-wrap\" data-name=\"telephone\"><input size=\"40\" maxlength=\"400\" class=\"wpcf7-form-control wpcf7-text vc_col-sm-6\" aria-invalid=\"false\" placeholder=\"T\u00e9l\u00e9phone\" value=\"\" type=\"text\" name=\"telephone\" \/><\/span>\n\t\t\t\t\t\t\t<\/p>\n\t\t\t\t\t\t<\/div>\n\t\t\t\t\t<\/div>\n\t\t\t\t<\/div>\n\t\t\t\t<div class=\"vc_row\">\n\t\t\t\t\t<div class=\"vc_col-sm-6\">\n\t\t\t\t\t\t<div class=\"vc_column-inner\">\n\t\t\t\t\t\t\t<p><span class=\"wpcf7-form-control-wrap\" data-name=\"entreprise\"><input size=\"40\" maxlength=\"400\" class=\"wpcf7-form-control wpcf7-text\" aria-invalid=\"false\" placeholder=\"Entreprise\" value=\"\" type=\"text\" name=\"entreprise\" \/><\/span>\n\t\t\t\t\t\t\t<\/p>\n\t\t\t\t\t\t<\/div>\n\t\t\t\t\t<\/div>\n\t\t\t\t\t<div class=\"vc_col-sm-6\">\n\t\t\t\t\t\t<div class=\"vc_column-inner\">\n\t\t\t\t\t\t\t<p><span class=\"wpcf7-form-control-wrap\" data-name=\"sujet\"><select class=\"wpcf7-form-control wpcf7-select vc_col-sm-6\" aria-invalid=\"false\" name=\"sujet\"><option value=\"Sujet\">Sujet<\/option><option value=\"Ev\u00e9nements ind\u00e9sirables\">Ev\u00e9nements ind\u00e9sirables<\/option><option value=\"R\u00e9clamations qualit\u00e9\">R\u00e9clamations qualit\u00e9<\/option><option value=\"Demandes d\u2019informations m\u00e9dicales\">Demandes d\u2019informations m\u00e9dicales<\/option><option value=\"Autres demandes\">Autres demandes<\/option><\/select><\/span>\n\t\t\t\t\t\t\t<\/p>\n\t\t\t\t\t\t<\/div>\n\t\t\t\t\t<\/div>\n\t\t\t\t<\/div>\n\t\t\t<\/div>\n\t\t<\/div>\n\t\t<div class=\"wpb_column vc_column_container vc_col-sm-6\">\n\t\t\t<div class=\"vc_column-inner\">\n\t\t\t\t<p><span class=\"wpcf7-form-control-wrap\" data-name=\"your-message\"><textarea cols=\"40\" rows=\"10\" maxlength=\"2000\" class=\"wpcf7-form-control wpcf7-textarea\" aria-invalid=\"false\" placeholder=\"Message...\" name=\"your-message\"><\/textarea><\/span>\n\t\t\t\t<\/p>\n\t\t\t<\/div>\n\t\t<\/div>\n\t<\/div>\n\t<div class=\"vc_row wpb_row vc_row-fluid\">\n\t\t<div class=\"wpb_column vc_column_container vc_col-sm-12\">\n\t\t\t<p><span class=\"wpcf7-form-control-wrap\" data-name=\"acceptance-212\"><span class=\"wpcf7-form-control wpcf7-acceptance\"><span class=\"wpcf7-list-item\"><label><input type=\"checkbox\" name=\"acceptance-212\" value=\"1\" class=\"rgpd\" aria-invalid=\"false\" \/><span class=\"wpcf7-list-item-label\">Nous utiliserons les informations que vous avez fournies pour vous contacter au sujet de votre demande. Vos informations seront trait\u00e9es comme indiqu\u00e9 dans notre politique de confidentialit\u00e9.<\/span><\/label><\/span><\/span><\/span><br \/>\n<input class=\"wpcf7-form-control wpcf7-submit has-spinner\" type=\"submit\" value=\"Envoyer\" \/>\n\t\t\t<\/p>\n\t\t<\/div>\n\t<\/div>\n<\/div><input type='hidden' class='wpcf7-pum' value='{\"closepopup\":false,\"closedelay\":0,\"openpopup\":false,\"openpopup_id\":0}' \/><div class=\"wpcf7-response-output\" aria-hidden=\"true\"><\/div>\n<\/form>\n<\/div>\n[\/vc_column_text][\/vc_column][\/vc_row]<\/p>\n<\/div>","protected":false},"excerpt":{"rendered":"<p>[vc_row full_width=\u00a0\u00bbstretch_row_content_no_spaces\u00a0\u00bb css=\u00a0\u00bb.vc_custom_1649942147398{margin-top: 0px !important;padding-top: 0px !important;background-color: #005842 !important;}\u00a0\u00bb][vc_column css=\u00a0\u00bb.vc_custom_1646755554753{padding-top: 0px !important;}\u00a0\u00bb][vc_row_inner css=\u00a0\u00bb.vc_custom_1649942603820{margin-top: 0px !important;background-image: url(https:\/\/www.ethyxpharmaceuticals.com\/wp-content\/uploads\/2022\/04\/headercontact.jpg?id=8376) !important;background-position: center !important;background-repeat: no-repeat !important;background-size: cover !important;}\u00a0\u00bb el_class=\u00a0\u00bbarrondi titlepage\u00a0\u00bb][vc_column_inner offset=\u00a0\u00bbvc_col-xs-12&Prime;][vc_column_text css=\u00a0\u00bb.vc_custom_1649866828332{margin-top: 30px !important;}\u00a0\u00bb] Contact [\/vc_column_text][\/vc_column_inner][\/vc_row_inner][\/vc_column][\/vc_row][vc_row full_width=\u00a0\u00bbstretch_row\u00a0\u00bb equal_height=\u00a0\u00bbyes\u00a0\u00bb content_placement=\u00a0\u00bbmiddle\u00a0\u00bb css=\u00a0\u00bb.vc_custom_1650445886628{padding-top: 0px !important;padding-bottom: 50px !important;background-color: #005842 [&hellip;]<\/p>\n","protected":false},"author":1,"featured_media":0,"parent":0,"menu_order":0,"comment_status":"closed","ping_status":"closed","template":"","meta":{"footnotes":""},"class_list":["post-8370","page","type-page","status-publish","hentry"],"yoast_head":"<!-- This site is optimized with the Yoast SEO plugin v27.4 - https:\/\/yoast.com\/product\/yoast-seo-wordpress\/ -->\n<title>Ethyx Pharmaceuticals - Medication for all at the heart of our concerns<\/title>\n<meta name=\"robots\" content=\"index, follow, max-snippet:-1, max-image-preview:large, max-video-preview:-1\" \/>\n<link rel=\"canonical\" href=\"https:\/\/www.ethyxpharmaceuticals.com\/contact\/\" \/>\n<meta property=\"og:locale\" content=\"fr_FR\" \/>\n<meta property=\"og:type\" content=\"article\" \/>\n<meta property=\"og:title\" content=\"Ethyx Pharmaceuticals - Medication for all at the heart of our concerns\" \/>\n<meta property=\"og:description\" content=\"[vc_row full_width=\u00a0\u00bbstretch_row_content_no_spaces\u00a0\u00bb css=\u00a0\u00bb.vc_custom_1649942147398{margin-top: 0px !important;padding-top: 0px !important;background-color: #005842 !important;}\u00a0\u00bb][vc_column css=\u00a0\u00bb.vc_custom_1646755554753{padding-top: 0px !important;}\u00a0\u00bb][vc_row_inner css=\u00a0\u00bb.vc_custom_1649942603820{margin-top: 0px !important;background-image: url(https:\/\/www.ethyxpharmaceuticals.com\/wp-content\/uploads\/2022\/04\/headercontact.jpg?id=8376) !important;background-position: center !important;background-repeat: no-repeat !important;background-size: cover !important;}\u00a0\u00bb el_class=\u00a0\u00bbarrondi titlepage\u00a0\u00bb][vc_column_inner offset=\u00a0\u00bbvc_col-xs-12&Prime;][vc_column_text css=\u00a0\u00bb.vc_custom_1649866828332{margin-top: 30px !important;}\u00a0\u00bb] Contact [\/vc_column_text][\/vc_column_inner][\/vc_row_inner][\/vc_column][\/vc_row][vc_row full_width=\u00a0\u00bbstretch_row\u00a0\u00bb equal_height=\u00a0\u00bbyes\u00a0\u00bb content_placement=\u00a0\u00bbmiddle\u00a0\u00bb css=\u00a0\u00bb.vc_custom_1650445886628{padding-top: 0px !important;padding-bottom: 50px !important;background-color: #005842 [&hellip;]\" \/>\n<meta property=\"og:url\" content=\"https:\/\/www.ethyxpharmaceuticals.com\/contact\/\" \/>\n<meta property=\"og:site_name\" content=\"Ethyx Pharmaceuticals\" \/>\n<meta property=\"article:modified_time\" content=\"2023-12-04T17:37:34+00:00\" \/>\n<meta name=\"twitter:card\" content=\"summary_large_image\" \/>\n<meta name=\"twitter:label1\" content=\"Dur\u00e9e de lecture estim\u00e9e\" \/>\n\t<meta name=\"twitter:data1\" content=\"1 minute\" \/>\n<script type=\"application\/ld+json\" class=\"yoast-schema-graph\">{\"@context\":\"https:\\\/\\\/schema.org\",\"@graph\":[{\"@type\":\"WebPage\",\"@id\":\"https:\\\/\\\/www.ethyxpharmaceuticals.com\\\/contact\\\/\",\"url\":\"https:\\\/\\\/www.ethyxpharmaceuticals.com\\\/contact\\\/\",\"name\":\"Ethyx Pharmaceuticals - Medication for all at the heart of our concerns\",\"isPartOf\":{\"@id\":\"https:\\\/\\\/www.ethyxpharmaceuticals.com\\\/#website\"},\"datePublished\":\"2022-04-13T16:18:51+00:00\",\"dateModified\":\"2023-12-04T17:37:34+00:00\",\"breadcrumb\":{\"@id\":\"https:\\\/\\\/www.ethyxpharmaceuticals.com\\\/contact\\\/#breadcrumb\"},\"inLanguage\":\"fr-FR\",\"potentialAction\":[{\"@type\":\"ReadAction\",\"target\":[\"https:\\\/\\\/www.ethyxpharmaceuticals.com\\\/contact\\\/\"]}]},{\"@type\":\"BreadcrumbList\",\"@id\":\"https:\\\/\\\/www.ethyxpharmaceuticals.com\\\/contact\\\/#breadcrumb\",\"itemListElement\":[{\"@type\":\"ListItem\",\"position\":1,\"name\":\"Accueil\",\"item\":\"https:\\\/\\\/www.ethyxpharmaceuticals.com\\\/fr\\\/\"},{\"@type\":\"ListItem\",\"position\":2,\"name\":\"Contact\"}]},{\"@type\":\"WebSite\",\"@id\":\"https:\\\/\\\/www.ethyxpharmaceuticals.com\\\/#website\",\"url\":\"https:\\\/\\\/www.ethyxpharmaceuticals.com\\\/\",\"name\":\"Ethyx Pharmaceuticals\",\"description\":\"La m\u00e9dication pour tous au c\u0153ur de nos pr\u00e9occupations\",\"potentialAction\":[{\"@type\":\"SearchAction\",\"target\":{\"@type\":\"EntryPoint\",\"urlTemplate\":\"https:\\\/\\\/www.ethyxpharmaceuticals.com\\\/?s={search_term_string}\"},\"query-input\":{\"@type\":\"PropertyValueSpecification\",\"valueRequired\":true,\"valueName\":\"search_term_string\"}}],\"inLanguage\":\"fr-FR\"}]}<\/script>\n<!-- \/ Yoast SEO plugin. -->","yoast_head_json":{"title":"Ethyx Pharmaceuticals - Medication for all at the heart of our concerns","robots":{"index":"index","follow":"follow","max-snippet":"max-snippet:-1","max-image-preview":"max-image-preview:large","max-video-preview":"max-video-preview:-1"},"canonical":"https:\/\/www.ethyxpharmaceuticals.com\/contact\/","og_locale":"fr_FR","og_type":"article","og_title":"Ethyx Pharmaceuticals - Medication for all at the heart of our concerns","og_description":"[vc_row full_width=\u00a0\u00bbstretch_row_content_no_spaces\u00a0\u00bb css=\u00a0\u00bb.vc_custom_1649942147398{margin-top: 0px !important;padding-top: 0px !important;background-color: #005842 !important;}\u00a0\u00bb][vc_column css=\u00a0\u00bb.vc_custom_1646755554753{padding-top: 0px !important;}\u00a0\u00bb][vc_row_inner css=\u00a0\u00bb.vc_custom_1649942603820{margin-top: 0px !important;background-image: url(https:\/\/www.ethyxpharmaceuticals.com\/wp-content\/uploads\/2022\/04\/headercontact.jpg?id=8376) !important;background-position: center !important;background-repeat: no-repeat !important;background-size: cover !important;}\u00a0\u00bb el_class=\u00a0\u00bbarrondi titlepage\u00a0\u00bb][vc_column_inner offset=\u00a0\u00bbvc_col-xs-12&Prime;][vc_column_text css=\u00a0\u00bb.vc_custom_1649866828332{margin-top: 30px !important;}\u00a0\u00bb] Contact [\/vc_column_text][\/vc_column_inner][\/vc_row_inner][\/vc_column][\/vc_row][vc_row full_width=\u00a0\u00bbstretch_row\u00a0\u00bb equal_height=\u00a0\u00bbyes\u00a0\u00bb content_placement=\u00a0\u00bbmiddle\u00a0\u00bb css=\u00a0\u00bb.vc_custom_1650445886628{padding-top: 0px !important;padding-bottom: 50px !important;background-color: #005842 [&hellip;]","og_url":"https:\/\/www.ethyxpharmaceuticals.com\/contact\/","og_site_name":"Ethyx Pharmaceuticals","article_modified_time":"2023-12-04T17:37:34+00:00","twitter_card":"summary_large_image","twitter_misc":{"Dur\u00e9e de lecture estim\u00e9e":"1 minute"},"schema":{"@context":"https:\/\/schema.org","@graph":[{"@type":"WebPage","@id":"https:\/\/www.ethyxpharmaceuticals.com\/contact\/","url":"https:\/\/www.ethyxpharmaceuticals.com\/contact\/","name":"Ethyx Pharmaceuticals - Medication for all at the heart of our concerns","isPartOf":{"@id":"https:\/\/www.ethyxpharmaceuticals.com\/#website"},"datePublished":"2022-04-13T16:18:51+00:00","dateModified":"2023-12-04T17:37:34+00:00","breadcrumb":{"@id":"https:\/\/www.ethyxpharmaceuticals.com\/contact\/#breadcrumb"},"inLanguage":"fr-FR","potentialAction":[{"@type":"ReadAction","target":["https:\/\/www.ethyxpharmaceuticals.com\/contact\/"]}]},{"@type":"BreadcrumbList","@id":"https:\/\/www.ethyxpharmaceuticals.com\/contact\/#breadcrumb","itemListElement":[{"@type":"ListItem","position":1,"name":"Accueil","item":"https:\/\/www.ethyxpharmaceuticals.com\/fr\/"},{"@type":"ListItem","position":2,"name":"Contact"}]},{"@type":"WebSite","@id":"https:\/\/www.ethyxpharmaceuticals.com\/#website","url":"https:\/\/www.ethyxpharmaceuticals.com\/","name":"Ethyx Pharmaceuticals","description":"La m\u00e9dication pour tous au c\u0153ur de nos pr\u00e9occupations","potentialAction":[{"@type":"SearchAction","target":{"@type":"EntryPoint","urlTemplate":"https:\/\/www.ethyxpharmaceuticals.com\/?s={search_term_string}"},"query-input":{"@type":"PropertyValueSpecification","valueRequired":true,"valueName":"search_term_string"}}],"inLanguage":"fr-FR"}]}},"_links":{"self":[{"href":"https:\/\/www.ethyxpharmaceuticals.com\/fr\/wp-json\/wp\/v2\/pages\/8370","targetHints":{"allow":["GET"]}}],"collection":[{"href":"https:\/\/www.ethyxpharmaceuticals.com\/fr\/wp-json\/wp\/v2\/pages"}],"about":[{"href":"https:\/\/www.ethyxpharmaceuticals.com\/fr\/wp-json\/wp\/v2\/types\/page"}],"author":[{"embeddable":true,"href":"https:\/\/www.ethyxpharmaceuticals.com\/fr\/wp-json\/wp\/v2\/users\/1"}],"replies":[{"embeddable":true,"href":"https:\/\/www.ethyxpharmaceuticals.com\/fr\/wp-json\/wp\/v2\/comments?post=8370"}],"version-history":[{"count":5,"href":"https:\/\/www.ethyxpharmaceuticals.com\/fr\/wp-json\/wp\/v2\/pages\/8370\/revisions"}],"predecessor-version":[{"id":8777,"href":"https:\/\/www.ethyxpharmaceuticals.com\/fr\/wp-json\/wp\/v2\/pages\/8370\/revisions\/8777"}],"wp:attachment":[{"href":"https:\/\/www.ethyxpharmaceuticals.com\/fr\/wp-json\/wp\/v2\/media?parent=8370"}],"curies":[{"name":"wp","href":"https:\/\/api.w.org\/{rel}","templated":true}]}}