{"id":8494,"date":"2022-04-20T11:15:18","date_gmt":"2022-04-20T09:15:18","guid":{"rendered":"https:\/\/www.ethyxpharmaceuticals.com\/?page_id=8494"},"modified":"2023-12-07T09:57:02","modified_gmt":"2023-12-07T08:57:02","slug":"nos-produits","status":"publish","type":"page","link":"https:\/\/www.ethyxpharmaceuticals.com\/fr\/nos-produits\/","title":{"rendered":"Nos Produits"},"content":{"rendered":"<div class=\"wpb-content-wrapper\"><p>[vc_row full_width=\u00a0\u00bbstretch_row_content_no_spaces\u00a0\u00bb css=\u00a0\u00bb.vc_custom_1650379690363{margin-top: 0px !important;padding-top: 0px !important;}\u00a0\u00bb][vc_column css=\u00a0\u00bb.vc_custom_1646755554753{padding-top: 0px !important;}\u00a0\u00bb][vc_row_inner css=\u00a0\u00bb.vc_custom_1650446115171{margin-top: 0px !important;background-image: url(https:\/\/www.ethyxpharmaceuticals.com\/wp-content\/uploads\/2022\/04\/bgproduits.jpg?id=8495) !important;background-position: center !important;background-repeat: no-repeat !important;background-size: cover !important;}\u00a0\u00bb el_class=\u00a0\u00bbarrondi titlepage\u00a0\u00bb][vc_column_inner offset=\u00a0\u00bbvc_col-xs-12&Prime;][vc_column_text css=\u00a0\u00bb.vc_custom_1650446166419{margin-top: 30px !important;}\u00a0\u00bb]<\/p>\n<h1 style=\"text-align: center;\"><span style=\"color: #ffffff;\"><span class=\"thin\">Nos<\/span><span style=\"color: #005842;\"> produits<\/span><\/span><\/h1>\n<p>[\/vc_column_text][\/vc_column_inner][\/vc_row_inner][\/vc_column][\/vc_row][vc_row][vc_column][vc_column_text el_class=\u00a0\u00bbcontactnous\u00a0\u00bb css=\u00a0\u00bb.vc_custom_1650446219101{margin-top: 60px !important;}\u00a0\u00bb]<\/p>\n<p style=\"text-align: center;\"><span style=\"color: #759efd;\"><span style=\"color: #253c72;\"><strong>Ethyx Pharmaceuticals<\/strong> s\u2019engage au quotidien en proposant des m\u00e9dicaments couvrant un large \u00e9ventail d\u2019aires th\u00e9rapeutiques :<\/span> <\/span><\/p>\n<p>[\/vc_column_text][\/vc_column][\/vc_row][vc_row el_class=\u00a0\u00bbtabs\u00a0\u00bb css=\u00a0\u00bb.vc_custom_1650462156439{margin-top: 50px !important;}\u00a0\u00bb][vc_column]<div class=\"edgtf-tabs edgtf-tabs-simple\">\n\t<ul class=\"edgtf-tabs-nav clearfix\">\n\t\t\t\t\t\t\t\t\t\t\t<li>\n\t\t\t\t\t\t\t\t\t\t\t\t\t\t\t\t\t\t\t\t\t\t<a href=\"#tab-cardiologie\">\n\t\t\t\t\t\tCardiologie\t\t\t\t\t\t\t\t\t\t\t<\/a>\n\t\t\t\t\t\t\t<\/li>\n\t\t\t\t\t\t<li>\n\t\t\t\t\t\t\t\t\t\t\t\t\t\t\t\t\t\t\t\t\t\t<a href=\"#tab-dermatologie\">\n\t\t\t\t\t\tDermatologie\t\t\t\t\t\t\t\t\t\t\t<\/a>\n\t\t\t\t\t\t\t<\/li>\n\t\t\t\t\t\t<li>\n\t\t\t\t\t\t\t\t\t\t\t\t\t\t\t\t\t\t\t\t\t\t<a href=\"#tab-metabolisme\">\n\t\t\t\t\t\tM\u00e9tabolisme\t\t\t\t\t\t\t\t\t\t\t<\/a>\n\t\t\t\t\t\t\t<\/li>\n\t\t\t\t\t\t<li>\n\t\t\t\t\t\t\t\t\t\t\t\t\t\t\t\t\t\t\t\t\t\t<a href=\"#tab-rhumatologie\">\n\t\t\t\t\t\tRhumatologie\t\t\t\t\t\t\t\t\t\t\t<\/a>\n\t\t\t\t\t\t\t<\/li>\n\t\t\t\t\t\t<li>\n\t\t\t\t\t\t\t\t\t\t\t\t\t\t\t\t\t\t\t\t\t\t<a href=\"#tab-pneumologie\">\n\t\t\t\t\t\tPneumologie\t\t\t\t\t\t\t\t\t\t\t<\/a>\n\t\t\t\t\t\t\t<\/li>\n\t\t\t\t\t\t<li>\n\t\t\t\t\t\t\t\t\t\t\t\t\t\t\t\t\t\t\t\t\t\t<a href=\"#tab-neurologie\">\n\t\t\t\t\t\tNeurologie\t\t\t\t\t\t\t\t\t\t\t<\/a>\n\t\t\t\t\t\t\t<\/li>\n\t\t\t\t\t\t\t\t\t\t<li class=\"edgtf-tabs-nav-line\"><\/li>\n\t\t\t\t\t\t<\/ul>\n\t<div class=\"edgtf-tab-container\" id=\"tab-cardiologie-300\">[vc_single_image image=\u00a0\u00bb8521&Prime; img_size=\u00a0\u00bbfull\u00a0\u00bb alignment=\u00a0\u00bbcenter\u00a0\u00bb el_class=\u00a0\u00bbpictoproduits\u00a0\u00bb][vc_column_text el_class=\u00a0\u00bbnomspecialite\u00a0\u00bb]<\/p>\n<p style=\"text-align: center;\"><span style=\"color: #253c72;\">Cardiologie<\/span><\/p>\n<p>[\/vc_column_text][vc_column_text el_class=\u00a0\u00bbspe\u00a0\u00bb]<span class=\"specialite\">Cardiologie<\/span><span class=\"solution\">Tensionorme\u00ae<\/span><span class=\"description\"><a class=\"exit\" href=\"https:\/\/base-donnees-publique.medicaments.gouv.fr\/extrait.php?specid=61977014\">Tensionorme, comprim\u00e9 s\u00e9cable (bendroflum\u00e9thiazide + r\u00e9serpine)<\/a><\/span><span class=\"pays\">France, Albanie, Benin, Burkina Faso, Cameroun, Congo, Cote d\u2019Ivoire, Gabon, Guinee, Madagascar, Mali, Mauritanie, Niger, Senegal, Togo<\/span>[\/vc_column_text][vc_column_text el_class=\u00a0\u00bbspe\u00a0\u00bb]<span class=\"specialite\">Cardiologie<\/span><span class=\"solution\">Isocard\u00ae<\/span><span class=\"description\"><a class=\"exit\" href=\"https:\/\/base-donnees-publique.medicaments.gouv.fr\/extrait.php?specid=60172339\">Isocard, solution sublinguale en flacon pulv\u00e9risateur (dinitrate d\u2019isorbide)<\/a><\/span><span class=\"pays\">France, Albanie<\/span>[\/vc_column_text][vc_column_text el_class=\u00a0\u00bbspe\u00a0\u00bb]<span class=\"specialite\">Cardiologie<\/span><span class=\"solution\">Timacor\u00ae<\/span><span class=\"description\"><a class=\"exit\" href=\"https:\/\/base-donnees-publique.medicaments.gouv.fr\/extrait.php?specid=64858702\">Timacor 10 mg, comprim\u00e9 s\u00e9cable (mal\u00e9ate de timolol)<\/a><\/span><span class=\"pays\">France<\/span>[\/vc_column_text][vc_column_text el_class=\u00a0\u00bbspe\u00a0\u00bb]<span class=\"specialite\">Cardiologie<\/span><span class=\"solution\">Veinamitol\u00ae<\/span><span class=\"description\"><a class=\"exit\" href=\"https:\/\/base-donnees-publique.medicaments.gouv.fr\/extrait.php?specid=65529777\">Veinamitol 3500 mg, poudre pour solution buvable en sachet (trox\u00e9rutine)<\/a><\/span><span class=\"description\"><a class=\"exit\" href=\"https:\/\/base-donnees-publique.medicaments.gouv.fr\/extrait.php?specid=66846378\">Veinamitol 3500 mg\/7ml, solution buvable \u00e0 diluer (trox\u00e9rutine) <\/a><\/span><span class=\"pays\">France<\/span>[\/vc_column_text][vc_column_text el_class=\u00a0\u00bbspe\u00a0\u00bb]<span class=\"specialite\">Cardiologie<\/span><span class=\"solution\">Rh\u00e9oflux\u00ae<\/span><span class=\"description\"><a class=\"exit\" href=\"https:\/\/base-donnees-publique.medicaments.gouv.fr\/extrait.php?specid=62296848\">Rheoflux 3500 mg, poudre pour solution buvable en sachet-dose (trox\u00e9rutine)<\/a><\/span><span class=\"description\"><a class=\"exit\" href=\"https:\/\/base-donnees-publique.medicaments.gouv.fr\/extrait.php?specid=64272162\">Rheoflux 3500 mg\/7ml, solution buvable en ampoule (trox\u00e9rutine)<\/a><\/span><br \/>\n<span class=\"pays\">France<\/span>[\/vc_column_text][vc_column_text el_class=\u00a0\u00bbspe\u00a0\u00bb]<span class=\"specialite\">Cardiologie<\/span><span class=\"solution\">Lescol\u00ae L.P.<\/span><span class=\"description\"><a class=\"exit\" href=\"https:\/\/base-donnees-publique.medicaments.gouv.fr\/extrait.php?specid=60852004\">Lescol L.P. 80 mg, comprim\u00e9 pellicul\u00e9 \u00e0 lib\u00e9ration prolong\u00e9e (Fluvastatine)<\/a><br \/>\n<\/span><span class=\"pays\">France, Allemagne, Autriche, Belgique, Croatie, Espagne, Finlande, Hongrie, Irlande, Italie, Luxembourg, Norv\u00e8ge, Pays-Bas, R\u00e9publique Tch\u00e8que, Slovaquie, Slov\u00e9nie<br \/>\n<\/span>[\/vc_column_text]<\/div><div class=\"edgtf-tab-container\" id=\"tab-dermatologie-51\">[vc_single_image image=\u00a0\u00bb8519&Prime; img_size=\u00a0\u00bbfull\u00a0\u00bb alignment=\u00a0\u00bbcenter\u00a0\u00bb el_class=\u00a0\u00bbpictoproduits\u00a0\u00bb][vc_column_text el_class=\u00a0\u00bbnomspecialite\u00a0\u00bb]<\/p>\n<p style=\"text-align: center;\"><span style=\"color: #253c72;\">Dermatologie<\/span><\/p>\n<p>[\/vc_column_text][vc_column_text el_class=\u00a0\u00bbspe\u00a0\u00bb]<span class=\"specialite\">Dermatologie<\/span><span class=\"solution\">Epitopic\u00ae<\/span><span class=\"description\"><a class=\"exit\" href=\"https:\/\/base-donnees-publique.medicaments.gouv.fr\/extrait.php?specid=63588061\">Epitopic, 0,05 pour cent, cr\u00e8me (difluprednate) <\/a><\/span><span class=\"pays\">France<\/span>[\/vc_column_text]<\/div><div class=\"edgtf-tab-container\" id=\"tab-metabolisme-918\">[vc_single_image image=\u00a0\u00bb8517&Prime; img_size=\u00a0\u00bbfull\u00a0\u00bb alignment=\u00a0\u00bbcenter\u00a0\u00bb el_class=\u00a0\u00bbpictoproduits\u00a0\u00bb][vc_column_text el_class=\u00a0\u00bbnomspecialite\u00a0\u00bb]<\/p>\n<p style=\"text-align: center;\"><span style=\"color: #253c72;\">M\u00e9tabolisme<\/span><\/p>\n<p>[\/vc_column_text][vc_column_text el_class=\u00a0\u00bbspe\u00a0\u00bb]<span class=\"specialite\">M\u00e9tabolisme<\/span><span class=\"solution\">Toco 500\u00ae<\/span><span class=\"description\"><a class=\"exit\" href=\"https:\/\/base-donnees-publique.medicaments.gouv.fr\/extrait.php?specid=67657448\">Toco 500, capsule molle (ac\u00e9tate d\u2019alpha tocoph\u00e9rol)<\/a><\/span><span class=\"pays\">France<\/span>[\/vc_column_text]<\/div><div class=\"edgtf-tab-container\" id=\"tab-rhumatologie-582\">[vc_single_image image=\u00a0\u00bb8515&Prime; img_size=\u00a0\u00bbfull\u00a0\u00bb alignment=\u00a0\u00bbcenter\u00a0\u00bb el_class=\u00a0\u00bbpictoproduits\u00a0\u00bb][vc_column_text el_class=\u00a0\u00bbnomspecialite\u00a0\u00bb]<\/p>\n<p style=\"text-align: center;\"><span style=\"color: #253c72;\">Rhumatologie<\/span><\/p>\n<p>[\/vc_column_text][vc_column_text el_class=\u00a0\u00bbspe\u00a0\u00bb]<span class=\"specialite\">Rhumatologie<\/span><span class=\"solution\">Art 50\u00ae<\/span><span class=\"description\"><a class=\"exit\" href=\"https:\/\/base-donnees-publique.medicaments.gouv.fr\/extrait.php?specid=62174933\">Art 50, g\u00e9lule (diac\u00e9r\u00e9ine)<\/a><\/span><span class=\"pays\">France<\/span>[\/vc_column_text]<\/div><div class=\"edgtf-tab-container\" id=\"tab-pneumologie-603\">[vc_single_image image=\u00a0\u00bb8501&Prime; img_size=\u00a0\u00bbfull\u00a0\u00bb alignment=\u00a0\u00bbcenter\u00a0\u00bb el_class=\u00a0\u00bbpictoproduits\u00a0\u00bb][vc_column_text el_class=\u00a0\u00bbnomspecialite\u00a0\u00bb]<\/p>\n<p style=\"text-align: center;\"><span style=\"color: #253c72;\">Pneumologie<\/span><\/p>\n<p>[\/vc_column_text][vc_column_text el_class=\u00a0\u00bbspe\u00a0\u00bb]<span class=\"specialite\">Pneumologie<\/span><span class=\"solution\">Pulmofluide simple\u00ae<\/span><span class=\"description\"><a class=\"exit\" href=\"https:\/\/base-donnees-publique.medicaments.gouv.fr\/extrait.php?specid=64482812\">Pulmofluide simple, solution buvable (benzoate de sodium, terpine, cin\u00e9ole, gua\u00eff\u00e9n\u00e9sine)<\/a><\/span><span class=\"pays\">France<\/span>[\/vc_column_text]<\/div><div class=\"edgtf-tab-container\" id=\"tab-neurologie-117\">[vc_single_image image=\u00a0\u00bb8731&Prime; img_size=\u00a0\u00bbfull\u00a0\u00bb alignment=\u00a0\u00bbcenter\u00a0\u00bb el_class=\u00a0\u00bbpictoproduits\u00a0\u00bb][vc_column_text el_class=\u00a0\u00bbnomspecialite\u00a0\u00bb]<\/p>\n<p style=\"text-align: center;\"><span style=\"color: #253c72;\">Neurologie<\/span><\/p>\n<p>[\/vc_column_text][vc_column_text el_class=\u00a0\u00bbspe\u00a0\u00bb]<span class=\"specialite\">Neurologie<\/span><span class=\"solution\">Mosegor\u00ae<\/span><span class=\"description\">Mosegor, comprim\u00e9 et <a class=\"exit\" href=\"https:\/\/cima.aemps.es\/cima\/publico\/detalle.html?nregistro=50671\">sirop<\/a> (Pizotif\u00e8ne)<\/span><span class=\"pays\">Sirop : Espagne<br \/>\nComprim\u00e9s : Arabie Saoudite, Oman<\/span>[\/vc_column_text][vc_column_text el_class=\u00a0\u00bbspe\u00a0\u00bb]<span class=\"specialite\">Neurologie<\/span><span class=\"solution\">Sandomigran\u00ae<\/span><span class=\"description\">Sandomigran, comprim\u00e9 (Pizotif\u00e8ne)<br \/>\n<a class=\"exit\" href=\"https:\/\/view.officeapps.live.com\/op\/view.aspx?src=https%3A%2F%2Fspcweb.produktresume.dk%2FSPCREPL%2FHuman%2FS%2FSandomigrin%2C%2520overtrukne%2520tabletter%25200%2C5%2520mg.doc&amp;wdOrigin=BROWSELINK\">RCP<\/a> &#8211; <a class=\"exit\" href=\"https:\/\/xnet.dkma.dk\/indlaegsseddel\/PdfFileServlet?formulationid=27411&amp;lang=da\">Notice<\/a><\/span><span class=\"pays\">Danemark, Hong Kong, Islande, Slovaquie, Zimbabwe<br \/>\n<\/span>[\/vc_column_text]<\/div><\/div>[\/vc_column][\/vc_row]<\/p>\n<\/div>","protected":false},"excerpt":{"rendered":"<p>[vc_row full_width=\u00a0\u00bbstretch_row_content_no_spaces\u00a0\u00bb css=\u00a0\u00bb.vc_custom_1650379690363{margin-top: 0px !important;padding-top: 0px !important;}\u00a0\u00bb][vc_column css=\u00a0\u00bb.vc_custom_1646755554753{padding-top: 0px !important;}\u00a0\u00bb][vc_row_inner css=\u00a0\u00bb.vc_custom_1650446115171{margin-top: 0px !important;background-image: url(https:\/\/www.ethyxpharmaceuticals.com\/wp-content\/uploads\/2022\/04\/bgproduits.jpg?id=8495) !important;background-position: center !important;background-repeat: no-repeat !important;background-size: cover !important;}\u00a0\u00bb el_class=\u00a0\u00bbarrondi titlepage\u00a0\u00bb][vc_column_inner offset=\u00a0\u00bbvc_col-xs-12&Prime;][vc_column_text css=\u00a0\u00bb.vc_custom_1650446166419{margin-top: 30px !important;}\u00a0\u00bb] Nos produits [\/vc_column_text][\/vc_column_inner][\/vc_row_inner][\/vc_column][\/vc_row][vc_row][vc_column][vc_column_text el_class=\u00a0\u00bbcontactnous\u00a0\u00bb css=\u00a0\u00bb.vc_custom_1650446219101{margin-top: 60px !important;}\u00a0\u00bb] Ethyx Pharmaceuticals s\u2019engage au quotidien en [&hellip;]<\/p>\n","protected":false},"author":1,"featured_media":0,"parent":0,"menu_order":0,"comment_status":"closed","ping_status":"closed","template":"","meta":{"footnotes":""},"class_list":["post-8494","page","type-page","status-publish","hentry"],"yoast_head":"<!-- This site is optimized with the Yoast SEO plugin v27.4 - https:\/\/yoast.com\/product\/yoast-seo-wordpress\/ -->\n<title>Ethyx Pharmaceuticals - Medication for all at the heart of our concerns<\/title>\n<meta name=\"robots\" content=\"index, follow, max-snippet:-1, max-image-preview:large, max-video-preview:-1\" \/>\n<link rel=\"canonical\" href=\"https:\/\/www.ethyxpharmaceuticals.com\/fr\/nos-produits\/\" \/>\n<meta property=\"og:locale\" content=\"fr_FR\" \/>\n<meta property=\"og:type\" content=\"article\" \/>\n<meta property=\"og:title\" content=\"Ethyx Pharmaceuticals - Medication for all at the heart of our concerns\" \/>\n<meta property=\"og:description\" content=\"[vc_row full_width=\u00a0\u00bbstretch_row_content_no_spaces\u00a0\u00bb css=\u00a0\u00bb.vc_custom_1650379690363{margin-top: 0px !important;padding-top: 0px !important;}\u00a0\u00bb][vc_column css=\u00a0\u00bb.vc_custom_1646755554753{padding-top: 0px !important;}\u00a0\u00bb][vc_row_inner css=\u00a0\u00bb.vc_custom_1650446115171{margin-top: 0px !important;background-image: url(https:\/\/www.ethyxpharmaceuticals.com\/wp-content\/uploads\/2022\/04\/bgproduits.jpg?id=8495) !important;background-position: center !important;background-repeat: no-repeat !important;background-size: cover !important;}\u00a0\u00bb el_class=\u00a0\u00bbarrondi titlepage\u00a0\u00bb][vc_column_inner offset=\u00a0\u00bbvc_col-xs-12&Prime;][vc_column_text css=\u00a0\u00bb.vc_custom_1650446166419{margin-top: 30px !important;}\u00a0\u00bb] Nos produits [\/vc_column_text][\/vc_column_inner][\/vc_row_inner][\/vc_column][\/vc_row][vc_row][vc_column][vc_column_text el_class=\u00a0\u00bbcontactnous\u00a0\u00bb css=\u00a0\u00bb.vc_custom_1650446219101{margin-top: 60px !important;}\u00a0\u00bb] Ethyx Pharmaceuticals s\u2019engage au quotidien en [&hellip;]\" \/>\n<meta property=\"og:url\" content=\"https:\/\/www.ethyxpharmaceuticals.com\/fr\/nos-produits\/\" \/>\n<meta property=\"og:site_name\" content=\"Ethyx Pharmaceuticals\" \/>\n<meta property=\"article:modified_time\" content=\"2023-12-07T08:57:02+00:00\" \/>\n<meta name=\"twitter:card\" content=\"summary_large_image\" \/>\n<meta name=\"twitter:label1\" content=\"Dur\u00e9e de lecture estim\u00e9e\" \/>\n\t<meta name=\"twitter:data1\" content=\"2 minutes\" \/>\n<script type=\"application\/ld+json\" class=\"yoast-schema-graph\">{\"@context\":\"https:\\\/\\\/schema.org\",\"@graph\":[{\"@type\":\"WebPage\",\"@id\":\"https:\\\/\\\/www.ethyxpharmaceuticals.com\\\/fr\\\/nos-produits\\\/\",\"url\":\"https:\\\/\\\/www.ethyxpharmaceuticals.com\\\/fr\\\/nos-produits\\\/\",\"name\":\"Ethyx Pharmaceuticals - Medication for all at the heart of our concerns\",\"isPartOf\":{\"@id\":\"https:\\\/\\\/www.ethyxpharmaceuticals.com\\\/#website\"},\"datePublished\":\"2022-04-20T09:15:18+00:00\",\"dateModified\":\"2023-12-07T08:57:02+00:00\",\"breadcrumb\":{\"@id\":\"https:\\\/\\\/www.ethyxpharmaceuticals.com\\\/fr\\\/nos-produits\\\/#breadcrumb\"},\"inLanguage\":\"fr-FR\",\"potentialAction\":[{\"@type\":\"ReadAction\",\"target\":[\"https:\\\/\\\/www.ethyxpharmaceuticals.com\\\/fr\\\/nos-produits\\\/\"]}]},{\"@type\":\"BreadcrumbList\",\"@id\":\"https:\\\/\\\/www.ethyxpharmaceuticals.com\\\/fr\\\/nos-produits\\\/#breadcrumb\",\"itemListElement\":[{\"@type\":\"ListItem\",\"position\":1,\"name\":\"Accueil\",\"item\":\"https:\\\/\\\/www.ethyxpharmaceuticals.com\\\/fr\\\/\"},{\"@type\":\"ListItem\",\"position\":2,\"name\":\"Nos Produits\"}]},{\"@type\":\"WebSite\",\"@id\":\"https:\\\/\\\/www.ethyxpharmaceuticals.com\\\/#website\",\"url\":\"https:\\\/\\\/www.ethyxpharmaceuticals.com\\\/\",\"name\":\"Ethyx Pharmaceuticals\",\"description\":\"La m\u00e9dication pour tous au c\u0153ur de nos pr\u00e9occupations\",\"potentialAction\":[{\"@type\":\"SearchAction\",\"target\":{\"@type\":\"EntryPoint\",\"urlTemplate\":\"https:\\\/\\\/www.ethyxpharmaceuticals.com\\\/?s={search_term_string}\"},\"query-input\":{\"@type\":\"PropertyValueSpecification\",\"valueRequired\":true,\"valueName\":\"search_term_string\"}}],\"inLanguage\":\"fr-FR\"}]}<\/script>\n<!-- \/ Yoast SEO plugin. -->","yoast_head_json":{"title":"Ethyx Pharmaceuticals - Medication for all at the heart of our concerns","robots":{"index":"index","follow":"follow","max-snippet":"max-snippet:-1","max-image-preview":"max-image-preview:large","max-video-preview":"max-video-preview:-1"},"canonical":"https:\/\/www.ethyxpharmaceuticals.com\/fr\/nos-produits\/","og_locale":"fr_FR","og_type":"article","og_title":"Ethyx Pharmaceuticals - Medication for all at the heart of our concerns","og_description":"[vc_row full_width=\u00a0\u00bbstretch_row_content_no_spaces\u00a0\u00bb css=\u00a0\u00bb.vc_custom_1650379690363{margin-top: 0px !important;padding-top: 0px !important;}\u00a0\u00bb][vc_column css=\u00a0\u00bb.vc_custom_1646755554753{padding-top: 0px !important;}\u00a0\u00bb][vc_row_inner css=\u00a0\u00bb.vc_custom_1650446115171{margin-top: 0px !important;background-image: url(https:\/\/www.ethyxpharmaceuticals.com\/wp-content\/uploads\/2022\/04\/bgproduits.jpg?id=8495) !important;background-position: center !important;background-repeat: no-repeat !important;background-size: cover !important;}\u00a0\u00bb el_class=\u00a0\u00bbarrondi titlepage\u00a0\u00bb][vc_column_inner offset=\u00a0\u00bbvc_col-xs-12&Prime;][vc_column_text css=\u00a0\u00bb.vc_custom_1650446166419{margin-top: 30px !important;}\u00a0\u00bb] Nos produits [\/vc_column_text][\/vc_column_inner][\/vc_row_inner][\/vc_column][\/vc_row][vc_row][vc_column][vc_column_text el_class=\u00a0\u00bbcontactnous\u00a0\u00bb css=\u00a0\u00bb.vc_custom_1650446219101{margin-top: 60px !important;}\u00a0\u00bb] Ethyx Pharmaceuticals s\u2019engage au quotidien en [&hellip;]","og_url":"https:\/\/www.ethyxpharmaceuticals.com\/fr\/nos-produits\/","og_site_name":"Ethyx Pharmaceuticals","article_modified_time":"2023-12-07T08:57:02+00:00","twitter_card":"summary_large_image","twitter_misc":{"Dur\u00e9e de lecture estim\u00e9e":"2 minutes"},"schema":{"@context":"https:\/\/schema.org","@graph":[{"@type":"WebPage","@id":"https:\/\/www.ethyxpharmaceuticals.com\/fr\/nos-produits\/","url":"https:\/\/www.ethyxpharmaceuticals.com\/fr\/nos-produits\/","name":"Ethyx Pharmaceuticals - Medication for all at the heart of our concerns","isPartOf":{"@id":"https:\/\/www.ethyxpharmaceuticals.com\/#website"},"datePublished":"2022-04-20T09:15:18+00:00","dateModified":"2023-12-07T08:57:02+00:00","breadcrumb":{"@id":"https:\/\/www.ethyxpharmaceuticals.com\/fr\/nos-produits\/#breadcrumb"},"inLanguage":"fr-FR","potentialAction":[{"@type":"ReadAction","target":["https:\/\/www.ethyxpharmaceuticals.com\/fr\/nos-produits\/"]}]},{"@type":"BreadcrumbList","@id":"https:\/\/www.ethyxpharmaceuticals.com\/fr\/nos-produits\/#breadcrumb","itemListElement":[{"@type":"ListItem","position":1,"name":"Accueil","item":"https:\/\/www.ethyxpharmaceuticals.com\/fr\/"},{"@type":"ListItem","position":2,"name":"Nos Produits"}]},{"@type":"WebSite","@id":"https:\/\/www.ethyxpharmaceuticals.com\/#website","url":"https:\/\/www.ethyxpharmaceuticals.com\/","name":"Ethyx Pharmaceuticals","description":"La m\u00e9dication pour tous au c\u0153ur de nos pr\u00e9occupations","potentialAction":[{"@type":"SearchAction","target":{"@type":"EntryPoint","urlTemplate":"https:\/\/www.ethyxpharmaceuticals.com\/?s={search_term_string}"},"query-input":{"@type":"PropertyValueSpecification","valueRequired":true,"valueName":"search_term_string"}}],"inLanguage":"fr-FR"}]}},"_links":{"self":[{"href":"https:\/\/www.ethyxpharmaceuticals.com\/fr\/wp-json\/wp\/v2\/pages\/8494","targetHints":{"allow":["GET"]}}],"collection":[{"href":"https:\/\/www.ethyxpharmaceuticals.com\/fr\/wp-json\/wp\/v2\/pages"}],"about":[{"href":"https:\/\/www.ethyxpharmaceuticals.com\/fr\/wp-json\/wp\/v2\/types\/page"}],"author":[{"embeddable":true,"href":"https:\/\/www.ethyxpharmaceuticals.com\/fr\/wp-json\/wp\/v2\/users\/1"}],"replies":[{"embeddable":true,"href":"https:\/\/www.ethyxpharmaceuticals.com\/fr\/wp-json\/wp\/v2\/comments?post=8494"}],"version-history":[{"count":21,"href":"https:\/\/www.ethyxpharmaceuticals.com\/fr\/wp-json\/wp\/v2\/pages\/8494\/revisions"}],"predecessor-version":[{"id":8782,"href":"https:\/\/www.ethyxpharmaceuticals.com\/fr\/wp-json\/wp\/v2\/pages\/8494\/revisions\/8782"}],"wp:attachment":[{"href":"https:\/\/www.ethyxpharmaceuticals.com\/fr\/wp-json\/wp\/v2\/media?parent=8494"}],"curies":[{"name":"wp","href":"https:\/\/api.w.org\/{rel}","templated":true}]}}